{"id":1200,"date":"2021-02-16T17:27:18","date_gmt":"2021-02-16T16:27:18","guid":{"rendered":"https:\/\/lonics.pl\/kontaktieren\/"},"modified":"2022-05-11T10:16:45","modified_gmt":"2022-05-11T08:16:45","slug":"kontaktieren","status":"publish","type":"page","link":"https:\/\/lonics.pl\/de\/kontaktieren\/","title":{"rendered":"Kontaktieren"},"content":{"rendered":"\t\t<div data-elementor-type=\"wp-page\" data-elementor-id=\"1200\" class=\"elementor elementor-1200 elementor-454\" data-elementor-settings=\"[]\">\n\t\t\t\t\t\t<div class=\"elementor-inner\">\n\t\t\t\t\t\t\t<div class=\"elementor-section-wrap\">\n\t\t\t\t\t\t\t<section class=\"elementor-section elementor-top-section elementor-element elementor-element-27430fa0 elementor-section-boxed elementor-section-height-default elementor-section-height-default\" data-id=\"27430fa0\" data-element_type=\"section\">\n\t\t\t\t\t\t<div class=\"elementor-container elementor-column-gap-default\">\n\t\t\t\t\t\t\t<div class=\"elementor-row\">\n\t\t\t\t\t<div class=\"elementor-column elementor-col-100 elementor-top-column elementor-element elementor-element-34f86867\" data-id=\"34f86867\" data-element_type=\"column\">\n\t\t\t<div class=\"elementor-column-wrap elementor-element-populated\">\n\t\t\t\t\t\t\t<div class=\"elementor-widget-wrap\">\n\t\t\t\t\t\t<section class=\"elementor-section elementor-inner-section elementor-element elementor-element-76fd3839 elementor-section-boxed elementor-section-height-default elementor-section-height-default\" data-id=\"76fd3839\" data-element_type=\"section\">\n\t\t\t\t\t\t<div class=\"elementor-container elementor-column-gap-default\">\n\t\t\t\t\t\t\t<div class=\"elementor-row\">\n\t\t\t\t\t<div class=\"elementor-column elementor-col-100 elementor-inner-column elementor-element elementor-element-79d91a\" data-id=\"79d91a\" data-element_type=\"column\">\n\t\t\t<div class=\"elementor-column-wrap elementor-element-populated\">\n\t\t\t\t\t\t\t<div class=\"elementor-widget-wrap\">\n\t\t\t\t\t\t<div class=\"elementor-element elementor-element-3b2443fd elementor-widget elementor-widget-heading\" data-id=\"3b2443fd\" data-element_type=\"widget\" data-widget_type=\"heading.default\">\n\t\t\t\t<div class=\"elementor-widget-container\">\n\t\t\t<h2 class=\"elementor-heading-title elementor-size-default\">Rufen Sie uns an oder schreiben Sie uns<\/h2>\t\t<\/div>\n\t\t\t\t<\/div>\n\t\t\t\t\t\t<\/div>\n\t\t\t\t\t<\/div>\n\t\t<\/div>\n\t\t\t\t\t\t\t\t<\/div>\n\t\t\t\t\t<\/div>\n\t\t<\/section>\n\t\t\t\t<section class=\"elementor-section elementor-inner-section elementor-element elementor-element-1faa3174 elementor-section-boxed elementor-section-height-default elementor-section-height-default\" data-id=\"1faa3174\" data-element_type=\"section\">\n\t\t\t\t\t\t<div class=\"elementor-container elementor-column-gap-default\">\n\t\t\t\t\t\t\t<div class=\"elementor-row\">\n\t\t\t\t\t<div class=\"elementor-column elementor-col-25 elementor-inner-column elementor-element elementor-element-13fe6764\" data-id=\"13fe6764\" data-element_type=\"column\">\n\t\t\t<div class=\"elementor-column-wrap elementor-element-populated\">\n\t\t\t\t\t\t\t<div class=\"elementor-widget-wrap\">\n\t\t\t\t\t\t<div class=\"elementor-element elementor-element-5fd98e7f elementor-widget elementor-widget-heading\" data-id=\"5fd98e7f\" data-element_type=\"widget\" data-widget_type=\"heading.default\">\n\t\t\t\t<div class=\"elementor-widget-container\">\n\t\t\t<h3 class=\"elementor-heading-title elementor-size-default\">Telefon<\/h3>\t\t<\/div>\n\t\t\t\t<\/div>\n\t\t\t\t<div class=\"elementor-element elementor-element-72fd405 elementor-widget elementor-widget-text-editor\" data-id=\"72fd405\" data-element_type=\"widget\" data-widget_type=\"text-editor.default\">\n\t\t\t\t<div class=\"elementor-widget-container\">\n\t\t\t\t\t\t\t\t<div class=\"elementor-text-editor elementor-clearfix\">\n\t\t\t\t<p>+48 22 490 49 05<\/p>\n\t\t\t\t\t<\/div>\n\t\t\t\t\t\t<\/div>\n\t\t\t\t<\/div>\n\t\t\t\t\t\t<\/div>\n\t\t\t\t\t<\/div>\n\t\t<\/div>\n\t\t\t\t<div class=\"elementor-column elementor-col-25 elementor-inner-column elementor-element elementor-element-30665206\" data-id=\"30665206\" data-element_type=\"column\">\n\t\t\t<div class=\"elementor-column-wrap elementor-element-populated\">\n\t\t\t\t\t\t\t<div class=\"elementor-widget-wrap\">\n\t\t\t\t\t\t<div class=\"elementor-element elementor-element-2c3c5b6e elementor-widget elementor-widget-heading\" data-id=\"2c3c5b6e\" data-element_type=\"widget\" data-widget_type=\"heading.default\">\n\t\t\t\t<div class=\"elementor-widget-container\">\n\t\t\t<h3 class=\"elementor-heading-title elementor-size-default\">E-mail<\/h3>\t\t<\/div>\n\t\t\t\t<\/div>\n\t\t\t\t<div class=\"elementor-element elementor-element-24773801 elementor-widget elementor-widget-text-editor\" data-id=\"24773801\" data-element_type=\"widget\" data-widget_type=\"text-editor.default\">\n\t\t\t\t<div class=\"elementor-widget-container\">\n\t\t\t\t\t\t\t\t<div class=\"elementor-text-editor elementor-clearfix\">\n\t\t\t\t<p class=\"p1\">info@lonics.pl<\/p>\n\t\t\t\t\t<\/div>\n\t\t\t\t\t\t<\/div>\n\t\t\t\t<\/div>\n\t\t\t\t\t\t<\/div>\n\t\t\t\t\t<\/div>\n\t\t<\/div>\n\t\t\t\t<div class=\"elementor-column elementor-col-25 elementor-inner-column elementor-element elementor-element-35ceac24\" data-id=\"35ceac24\" data-element_type=\"column\">\n\t\t\t<div class=\"elementor-column-wrap elementor-element-populated\">\n\t\t\t\t\t\t\t<div class=\"elementor-widget-wrap\">\n\t\t\t\t\t\t<div class=\"elementor-element elementor-element-f69c3d7 elementor-widget elementor-widget-heading\" data-id=\"f69c3d7\" data-element_type=\"widget\" data-widget_type=\"heading.default\">\n\t\t\t\t<div class=\"elementor-widget-container\">\n\t\t\t<h3 class=\"elementor-heading-title elementor-size-default\">Adresse des B\u00fcros:<\/h3>\t\t<\/div>\n\t\t\t\t<\/div>\n\t\t\t\t<div class=\"elementor-element elementor-element-d3f7997 elementor-widget elementor-widget-text-editor\" data-id=\"d3f7997\" data-element_type=\"widget\" data-widget_type=\"text-editor.default\">\n\t\t\t\t<div class=\"elementor-widget-container\">\n\t\t\t\t\t\t\t\t<div class=\"elementor-text-editor elementor-clearfix\">\n\t\t\t\t<p>ul. \u015awi\u0119tego Miko\u0142aja 3<\/p><p class=\"p1\">05-082 Blizne \u0141aszczy\u0144skiego<\/p>\t\t\t\t\t<\/div>\n\t\t\t\t\t\t<\/div>\n\t\t\t\t<\/div>\n\t\t\t\t\t\t<\/div>\n\t\t\t\t\t<\/div>\n\t\t<\/div>\n\t\t\t\t<div class=\"elementor-column elementor-col-25 elementor-inner-column elementor-element elementor-element-5e0cf818\" data-id=\"5e0cf818\" data-element_type=\"column\">\n\t\t\t<div class=\"elementor-column-wrap elementor-element-populated\">\n\t\t\t\t\t\t\t<div class=\"elementor-widget-wrap\">\n\t\t\t\t\t\t<div class=\"elementor-element elementor-element-b7b3e07 elementor-widget elementor-widget-heading\" data-id=\"b7b3e07\" data-element_type=\"widget\" data-widget_type=\"heading.default\">\n\t\t\t\t<div class=\"elementor-widget-container\">\n\t\t\t<h3 class=\"elementor-heading-title elementor-size-default\">Betriebsstunden<\/h3>\t\t<\/div>\n\t\t\t\t<\/div>\n\t\t\t\t<div class=\"elementor-element elementor-element-73c33a3d elementor-widget elementor-widget-text-editor\" data-id=\"73c33a3d\" data-element_type=\"widget\" data-widget_type=\"text-editor.default\">\n\t\t\t\t<div class=\"elementor-widget-container\">\n\t\t\t\t\t\t\t\t<div class=\"elementor-text-editor elementor-clearfix\">\n\t\t\t\t<p>Montag \u2013 Freitag:<\/p>\n<p>&nbsp;<\/p>\n<p>09:00 \u2013 17:00 Uhr<\/p>\n\t\t\t\t\t<\/div>\n\t\t\t\t\t\t<\/div>\n\t\t\t\t<\/div>\n\t\t\t\t\t\t<\/div>\n\t\t\t\t\t<\/div>\n\t\t<\/div>\n\t\t\t\t\t\t\t\t<\/div>\n\t\t\t\t\t<\/div>\n\t\t<\/section>\n\t\t\t\t\t\t<\/div>\n\t\t\t\t\t<\/div>\n\t\t<\/div>\n\t\t\t\t\t\t\t\t<\/div>\n\t\t\t\t\t<\/div>\n\t\t<\/section>\n\t\t\t\t<section class=\"elementor-section elementor-top-section elementor-element elementor-element-152ba8d1 elementor-section-boxed elementor-section-height-default elementor-section-height-default\" data-id=\"152ba8d1\" data-element_type=\"section\" id=\"kontakt\">\n\t\t\t\t\t\t<div class=\"elementor-container elementor-column-gap-default\">\n\t\t\t\t\t\t\t<div class=\"elementor-row\">\n\t\t\t\t\t<div class=\"elementor-column elementor-col-66 elementor-top-column elementor-element elementor-element-237a3e26\" data-id=\"237a3e26\" data-element_type=\"column\">\n\t\t\t<div class=\"elementor-column-wrap elementor-element-populated\">\n\t\t\t\t\t\t\t<div class=\"elementor-widget-wrap\">\n\t\t\t\t\t\t<section class=\"elementor-section elementor-inner-section elementor-element elementor-element-24928764 elementor-section-height-min-height elementor-section-boxed elementor-section-height-default\" data-id=\"24928764\" data-element_type=\"section\">\n\t\t\t\t\t\t<div class=\"elementor-container elementor-column-gap-default\">\n\t\t\t\t\t\t\t<div class=\"elementor-row\">\n\t\t\t\t\t<div class=\"elementor-column elementor-col-100 elementor-inner-column elementor-element elementor-element-61243117\" data-id=\"61243117\" data-element_type=\"column\">\n\t\t\t<div class=\"elementor-column-wrap elementor-element-populated\">\n\t\t\t\t\t\t\t<div class=\"elementor-widget-wrap\">\n\t\t\t\t\t\t<div class=\"elementor-element elementor-element-6935e77f elementor-widget elementor-widget-heading\" data-id=\"6935e77f\" data-element_type=\"widget\" data-widget_type=\"heading.default\">\n\t\t\t\t<div class=\"elementor-widget-container\">\n\t\t\t<h3 class=\"elementor-heading-title elementor-size-default\">Schreiben Sie uns und wir werden Sie kontaktieren<\/h3>\t\t<\/div>\n\t\t\t\t<\/div>\n\t\t\t\t<div class=\"elementor-element elementor-element-0ac5ef8 elementor-button-align-stretch elementor-widget elementor-widget-form\" data-id=\"0ac5ef8\" data-element_type=\"widget\" data-settings=\"{&quot;step_next_label&quot;:&quot;Next&quot;,&quot;step_previous_label&quot;:&quot;Previous&quot;,&quot;button_width&quot;:&quot;100&quot;,&quot;step_type&quot;:&quot;number_text&quot;,&quot;step_icon_shape&quot;:&quot;circle&quot;}\" data-widget_type=\"form.default\">\n\t\t\t\t<div class=\"elementor-widget-container\">\n\t\t\t\t\t<form class=\"elementor-form\" method=\"post\" name=\"New Form\">\n\t\t\t<input type=\"hidden\" name=\"post_id\" value=\"1200\"\/>\n\t\t\t<input type=\"hidden\" name=\"form_id\" value=\"0ac5ef8\"\/>\n\t\t\t<input type=\"hidden\" name=\"referer_title\" value=\"LONICS\" \/>\n\n\t\t\t\n\t\t\t<div class=\"elementor-form-fields-wrapper elementor-labels-\">\n\t\t\t\t\t\t\t\t<div class=\"elementor-field-type-text elementor-field-group elementor-column elementor-field-group-name elementor-col-100 elementor-field-required\">\n\t\t\t\t\t<label for=\"form-field-name\" class=\"elementor-field-label elementor-screen-only\">Vor- und Nachname<\/label><input size=\"1\" type=\"text\" name=\"form_fields[name]\" id=\"form-field-name\" class=\"elementor-field elementor-size-sm  elementor-field-textual\" placeholder=\"Vorname*\" required=\"required\" aria-required=\"true\">\t\t\t\t<\/div>\n\t\t\t\t\t\t\t\t<div class=\"elementor-field-type-email elementor-field-group elementor-column elementor-field-group-email elementor-col-100 elementor-field-required\">\n\t\t\t\t\t<label for=\"form-field-email\" class=\"elementor-field-label elementor-screen-only\">E-Mail-Adresse<\/label><input size=\"1\" type=\"email\" name=\"form_fields[email]\" id=\"form-field-email\" class=\"elementor-field elementor-size-sm  elementor-field-textual\" placeholder=\"E-Mail *\" required=\"required\" aria-required=\"true\">\t\t\t\t<\/div>\n\t\t\t\t\t\t\t\t<div class=\"elementor-field-type-text elementor-field-group elementor-column elementor-field-group-field_b932f2c elementor-col-100\">\n\t\t\t\t\t<label for=\"form-field-field_b932f2c\" class=\"elementor-field-label elementor-screen-only\">Telefon<\/label><input size=\"1\" type=\"text\" name=\"form_fields[field_b932f2c]\" id=\"form-field-field_b932f2c\" class=\"elementor-field elementor-size-sm  elementor-field-textual\" placeholder=\"Telefon (optional)\">\t\t\t\t<\/div>\n\t\t\t\t\t\t\t\t<div class=\"elementor-field-type-textarea elementor-field-group elementor-column elementor-field-group-message elementor-col-100\">\n\t\t\t\t\t<label for=\"form-field-message\" class=\"elementor-field-label elementor-screen-only\">Inhalt der Nachricht<\/label><textarea class=\"elementor-field-textual elementor-field  elementor-size-sm\" name=\"form_fields[message]\" id=\"form-field-message\" rows=\"4\" placeholder=\"Inhalt der Nachricht (optional)\"><\/textarea>\t\t\t\t<\/div>\n\t\t\t\t\t\t\t\t<div class=\"elementor-field-type-upload elementor-field-group elementor-column elementor-field-group-field_8bec1de elementor-col-100\">\n\t\t\t\t\t<label for=\"form-field-field_8bec1de\" class=\"elementor-field-label elementor-screen-only\">Datei hochladen<\/label><input type=\"file\" name=\"form_fields[field_8bec1de]\" id=\"form-field-field_8bec1de\" class=\"elementor-field elementor-size-sm  elementor-upload-field\" data-maxsize=\"100\" data-maxsize-message=\"Diese Datei \u00fcbersteigt die maximale Dateigr\u00f6\u00dfe\">\t\t\t\t<\/div>\n\t\t\t\t\t\t\t\t<div class=\"elementor-field-type-html elementor-field-group elementor-column elementor-field-group-field_44e6f7d elementor-col-100\">\n\t\t\t\t\t<p> Unterst\u00fctzte Formate: .xls, .xlsx, .csv, .pdf\t\t\t\t<\/div>\n\t\t\t\t\t\t\t\t<div class=\"elementor-field-type-acceptance elementor-field-group elementor-column elementor-field-group-field_b6de320 elementor-col-100 elementor-field-required\">\n\t\t\t\t\t<div class=\"elementor-field-subgroup\"><span class=\"elementor-field-option\"><input type=\"checkbox\" name=\"form_fields[field_b6de320]\" id=\"form-field-field_b6de320\" class=\"elementor-field elementor-size-sm  elementor-acceptance-field\" required=\"required\" aria-required=\"true\"> <label for=\"form-field-field_b6de320\">Ich erkl\u00e4re mich mit der Verarbeitung meiner personenbezogenen Daten gem\u00e4\u00df dem Gesetz \u00fcber den Schutz personenbezogener Daten im Zusammenhang mit dem Versand der Anfrage einverstanden.<\/label><\/span><\/div>\t\t\t\t<\/div>\n\t\t\t\t\t\t\t\t<div class=\"elementor-field-group elementor-column elementor-field-type-submit elementor-col-100 e-form__buttons\">\n\t\t\t\t\t<button type=\"submit\" class=\"elementor-button elementor-size-sm\" id=\"formularz-zapytanie-wyslane\">\n\t\t\t\t\t\t<span >\n\t\t\t\t\t\t\t\t\t\t\t\t\t\t\t<span class=\" elementor-button-icon\">\n\t\t\t\t\t\t\t\t\t\t\t\t\t\t\t\t\t\t\t\t\t\t\t\t\t\t<\/span>\n\t\t\t\t\t\t\t\t\t\t\t\t\t\t\t\t\t\t\t\t\t\t<span class=\"elementor-button-text\"> Eine Nachricht schicken<\/span>\n\t\t\t\t\t\t\t\t\t\t\t\t\t<\/span>\n\t\t\t\t\t<\/button>\n\t\t\t\t<\/div>\n\t\t\t<\/div>\n\t\t<\/form>\n\t\t\t\t<\/div>\n\t\t\t\t<\/div>\n\t\t\t\t\t\t<\/div>\n\t\t\t\t\t<\/div>\n\t\t<\/div>\n\t\t\t\t\t\t\t\t<\/div>\n\t\t\t\t\t<\/div>\n\t\t<\/section>\n\t\t\t\t\t\t<\/div>\n\t\t\t\t\t<\/div>\n\t\t<\/div>\n\t\t\t\t<div class=\"elementor-column elementor-col-33 elementor-top-column elementor-element elementor-element-6ddf9e8a\" data-id=\"6ddf9e8a\" data-element_type=\"column\">\n\t\t\t<div class=\"elementor-column-wrap elementor-element-populated\">\n\t\t\t\t\t\t\t<div class=\"elementor-widget-wrap\">\n\t\t\t\t\t\t<div class=\"elementor-element elementor-element-500b7925 elementor-widget elementor-widget-google_maps\" data-id=\"500b7925\" data-element_type=\"widget\" data-widget_type=\"google_maps.default\">\n\t\t\t\t<div class=\"elementor-widget-container\">\n\t\t\t\t\t<div class=\"elementor-custom-embed\">\n\t\t\t<iframe frameborder=\"0\" scrolling=\"no\" marginheight=\"0\" marginwidth=\"0\"\n\t\t\t\t\tsrc=\"https:\/\/maps.google.com\/maps?q=%C5%9Awi%C4%99tego%20Miko%C5%82aja%203%2C%2005-082%20Blizne%20%C5%81aszczy%C5%84skiego&#038;t=m&#038;z=10&#038;output=embed&#038;iwloc=near\"\n\t\t\t\t\ttitle=\"\u015awi\u0119tego Miko\u0142aja 3, 05-082 Blizne \u0141aszczy\u0144skiego\"\n\t\t\t\t\taria-label=\"\u015awi\u0119tego Miko\u0142aja 3, 05-082 Blizne \u0141aszczy\u0144skiego\"\n\t\t\t><\/iframe>\n\t\t<\/div>\n\t\t\t\t<\/div>\n\t\t\t\t<\/div>\n\t\t\t\t\t\t<\/div>\n\t\t\t\t\t<\/div>\n\t\t<\/div>\n\t\t\t\t\t\t\t\t<\/div>\n\t\t\t\t\t<\/div>\n\t\t<\/section>\n\t\t\t\t\t\t<\/div>\n\t\t\t\t\t\t<\/div>\n\t\t\t\t\t<\/div>\n\t\t","protected":false},"excerpt":{"rendered":"<p>Rufen Sie uns an oder schreiben Sie uns Telefon +48 22 490 49 05 E-mail info@lonics.pl Adresse des B\u00fcros: ul. \u015awi\u0119tego Miko\u0142aja 3 05-082 Blizne \u0141aszczy\u0144skiego Betriebsstunden Montag \u2013 Freitag: &nbsp; 09:00 \u2013 17:00 Uhr Schreiben Sie uns und wir werden Sie kontaktieren<\/p>\n","protected":false},"author":1,"featured_media":0,"parent":0,"menu_order":0,"comment_status":"closed","ping_status":"closed","template":"","meta":[],"yoast_head":"<!-- This site is optimized with the Yoast SEO plugin v17.3 - https:\/\/yoast.com\/wordpress\/plugins\/seo\/ -->\n<title>Kontaktieren - LONICS<\/title>\n<meta name=\"robots\" content=\"index, follow, max-snippet:-1, max-image-preview:large, max-video-preview:-1\" \/>\n<link rel=\"canonical\" href=\"https:\/\/lonics.pl\/de\/kontaktieren\/\" \/>\n<meta property=\"og:locale\" content=\"de_DE\" \/>\n<meta property=\"og:type\" content=\"article\" \/>\n<meta property=\"og:title\" content=\"Kontaktieren - LONICS\" \/>\n<meta property=\"og:description\" content=\"Rufen Sie uns an oder schreiben Sie uns Telefon +48 22 490 49 05 E-mail info@lonics.pl Adresse des B\u00fcros: ul. \u015awi\u0119tego Miko\u0142aja 3 05-082 Blizne \u0141aszczy\u0144skiego Betriebsstunden Montag \u2013 Freitag: &nbsp; 09:00 \u2013 17:00 Uhr Schreiben Sie uns und wir werden Sie kontaktieren\" \/>\n<meta property=\"og:url\" content=\"https:\/\/lonics.pl\/de\/kontaktieren\/\" \/>\n<meta property=\"og:site_name\" content=\"LONICS\" \/>\n<meta property=\"article:modified_time\" content=\"2022-05-11T08:16:45+00:00\" \/>\n<meta name=\"twitter:card\" content=\"summary_large_image\" \/>\n<meta name=\"twitter:label1\" content=\"Gesch\u00e4tzte Lesezeit\" \/>\n\t<meta name=\"twitter:data1\" content=\"1\u00a0Minute\" \/>\n<script type=\"application\/ld+json\" class=\"yoast-schema-graph\">{\"@context\":\"https:\/\/schema.org\",\"@graph\":[{\"@type\":\"Organization\",\"@id\":\"https:\/\/lonics.pl\/#organization\",\"name\":\"Lonics.pl\",\"url\":\"https:\/\/lonics.pl\/\",\"sameAs\":[],\"logo\":{\"@type\":\"ImageObject\",\"@id\":\"https:\/\/lonics.pl\/#logo\",\"inLanguage\":\"de\",\"url\":\"https:\/\/lonics.pl\/wp-content\/uploads\/2021\/02\/logo.png\",\"contentUrl\":\"https:\/\/lonics.pl\/wp-content\/uploads\/2021\/02\/logo.png\",\"width\":2084,\"height\":300,\"caption\":\"Lonics.pl\"},\"image\":{\"@id\":\"https:\/\/lonics.pl\/#logo\"}},{\"@type\":\"WebSite\",\"@id\":\"https:\/\/lonics.pl\/#website\",\"url\":\"https:\/\/lonics.pl\/\",\"name\":\"LONICS\",\"description\":\"\",\"publisher\":{\"@id\":\"https:\/\/lonics.pl\/#organization\"},\"potentialAction\":[{\"@type\":\"SearchAction\",\"target\":{\"@type\":\"EntryPoint\",\"urlTemplate\":\"https:\/\/lonics.pl\/?s={search_term_string}\"},\"query-input\":\"required name=search_term_string\"}],\"inLanguage\":\"de\"},{\"@type\":\"WebPage\",\"@id\":\"https:\/\/lonics.pl\/de\/kontaktieren\/#webpage\",\"url\":\"https:\/\/lonics.pl\/de\/kontaktieren\/\",\"name\":\"Kontaktieren - LONICS\",\"isPartOf\":{\"@id\":\"https:\/\/lonics.pl\/#website\"},\"datePublished\":\"2021-02-16T16:27:18+00:00\",\"dateModified\":\"2022-05-11T08:16:45+00:00\",\"breadcrumb\":{\"@id\":\"https:\/\/lonics.pl\/de\/kontaktieren\/#breadcrumb\"},\"inLanguage\":\"de\",\"potentialAction\":[{\"@type\":\"ReadAction\",\"target\":[\"https:\/\/lonics.pl\/de\/kontaktieren\/\"]}]},{\"@type\":\"BreadcrumbList\",\"@id\":\"https:\/\/lonics.pl\/de\/kontaktieren\/#breadcrumb\",\"itemListElement\":[{\"@type\":\"ListItem\",\"position\":1,\"name\":\"Strona g\\u0142\\u00f3wna\",\"item\":\"https:\/\/lonics.pl\/de\/\"},{\"@type\":\"ListItem\",\"position\":2,\"name\":\"Kontaktieren\"}]}]}<\/script>\n<!-- \/ Yoast SEO plugin. -->","yoast_head_json":{"title":"Kontaktieren - LONICS","robots":{"index":"index","follow":"follow","max-snippet":"max-snippet:-1","max-image-preview":"max-image-preview:large","max-video-preview":"max-video-preview:-1"},"canonical":"https:\/\/lonics.pl\/de\/kontaktieren\/","og_locale":"de_DE","og_type":"article","og_title":"Kontaktieren - LONICS","og_description":"Rufen Sie uns an oder schreiben Sie uns Telefon +48 22 490 49 05 E-mail info@lonics.pl Adresse des B\u00fcros: ul. \u015awi\u0119tego Miko\u0142aja 3 05-082 Blizne \u0141aszczy\u0144skiego Betriebsstunden Montag \u2013 Freitag: &nbsp; 09:00 \u2013 17:00 Uhr Schreiben Sie uns und wir werden Sie kontaktieren","og_url":"https:\/\/lonics.pl\/de\/kontaktieren\/","og_site_name":"LONICS","article_modified_time":"2022-05-11T08:16:45+00:00","twitter_card":"summary_large_image","twitter_misc":{"Gesch\u00e4tzte Lesezeit":"1\u00a0Minute"},"schema":{"@context":"https:\/\/schema.org","@graph":[{"@type":"Organization","@id":"https:\/\/lonics.pl\/#organization","name":"Lonics.pl","url":"https:\/\/lonics.pl\/","sameAs":[],"logo":{"@type":"ImageObject","@id":"https:\/\/lonics.pl\/#logo","inLanguage":"de","url":"https:\/\/lonics.pl\/wp-content\/uploads\/2021\/02\/logo.png","contentUrl":"https:\/\/lonics.pl\/wp-content\/uploads\/2021\/02\/logo.png","width":2084,"height":300,"caption":"Lonics.pl"},"image":{"@id":"https:\/\/lonics.pl\/#logo"}},{"@type":"WebSite","@id":"https:\/\/lonics.pl\/#website","url":"https:\/\/lonics.pl\/","name":"LONICS","description":"","publisher":{"@id":"https:\/\/lonics.pl\/#organization"},"potentialAction":[{"@type":"SearchAction","target":{"@type":"EntryPoint","urlTemplate":"https:\/\/lonics.pl\/?s={search_term_string}"},"query-input":"required name=search_term_string"}],"inLanguage":"de"},{"@type":"WebPage","@id":"https:\/\/lonics.pl\/de\/kontaktieren\/#webpage","url":"https:\/\/lonics.pl\/de\/kontaktieren\/","name":"Kontaktieren - LONICS","isPartOf":{"@id":"https:\/\/lonics.pl\/#website"},"datePublished":"2021-02-16T16:27:18+00:00","dateModified":"2022-05-11T08:16:45+00:00","breadcrumb":{"@id":"https:\/\/lonics.pl\/de\/kontaktieren\/#breadcrumb"},"inLanguage":"de","potentialAction":[{"@type":"ReadAction","target":["https:\/\/lonics.pl\/de\/kontaktieren\/"]}]},{"@type":"BreadcrumbList","@id":"https:\/\/lonics.pl\/de\/kontaktieren\/#breadcrumb","itemListElement":[{"@type":"ListItem","position":1,"name":"Strona g\u0142\u00f3wna","item":"https:\/\/lonics.pl\/de\/"},{"@type":"ListItem","position":2,"name":"Kontaktieren"}]}]}},"_links":{"self":[{"href":"https:\/\/lonics.pl\/de\/wp-json\/wp\/v2\/pages\/1200"}],"collection":[{"href":"https:\/\/lonics.pl\/de\/wp-json\/wp\/v2\/pages"}],"about":[{"href":"https:\/\/lonics.pl\/de\/wp-json\/wp\/v2\/types\/page"}],"author":[{"embeddable":true,"href":"https:\/\/lonics.pl\/de\/wp-json\/wp\/v2\/users\/1"}],"replies":[{"embeddable":true,"href":"https:\/\/lonics.pl\/de\/wp-json\/wp\/v2\/comments?post=1200"}],"version-history":[{"count":10,"href":"https:\/\/lonics.pl\/de\/wp-json\/wp\/v2\/pages\/1200\/revisions"}],"predecessor-version":[{"id":1459,"href":"https:\/\/lonics.pl\/de\/wp-json\/wp\/v2\/pages\/1200\/revisions\/1459"}],"wp:attachment":[{"href":"https:\/\/lonics.pl\/de\/wp-json\/wp\/v2\/media?parent=1200"}],"curies":[{"name":"wp","href":"https:\/\/api.w.org\/{rel}","templated":true}]}}