{"id":1221,"date":"2021-02-16T18:32:08","date_gmt":"2021-02-16T17:32:08","guid":{"rendered":"https:\/\/lonics.pl\/ueberbestaende\/"},"modified":"2021-02-16T18:32:09","modified_gmt":"2021-02-16T17:32:09","slug":"ueberbestaende","status":"publish","type":"page","link":"https:\/\/lonics.pl\/de\/ueberbestaende\/","title":{"rendered":"\u00dcberbest\u00e4nde"},"content":{"rendered":"\t\t<div data-elementor-type=\"wp-page\" data-elementor-id=\"1221\" class=\"elementor elementor-1221 elementor-442\" data-elementor-settings=\"[]\">\n\t\t\t\t\t\t<div class=\"elementor-inner\">\n\t\t\t\t\t\t\t<div class=\"elementor-section-wrap\">\n\t\t\t\t\t\t\t<section class=\"elementor-section elementor-top-section elementor-element elementor-element-faaf733 elementor-section-boxed elementor-section-height-default elementor-section-height-default\" data-id=\"faaf733\" data-element_type=\"section\" data-settings=\"{&quot;background_background&quot;:&quot;classic&quot;}\">\n\t\t\t\t\t\t<div class=\"elementor-container elementor-column-gap-default\">\n\t\t\t\t\t\t\t<div class=\"elementor-row\">\n\t\t\t\t\t<div class=\"elementor-column elementor-col-50 elementor-top-column elementor-element elementor-element-d22e1d6\" data-id=\"d22e1d6\" data-element_type=\"column\">\n\t\t\t<div class=\"elementor-column-wrap elementor-element-populated\">\n\t\t\t\t\t\t\t<div class=\"elementor-widget-wrap\">\n\t\t\t\t\t\t<div class=\"elementor-element elementor-element-02d8f85 elementor-widget elementor-widget-image\" data-id=\"02d8f85\" data-element_type=\"widget\" data-widget_type=\"image.default\">\n\t\t\t\t<div class=\"elementor-widget-container\">\n\t\t\t\t\t\t\t\t<div class=\"elementor-image\">\n\t\t\t\t\t\t\t\t\t\t\t\t<img width=\"800\" height=\"480\" src=\"https:\/\/lonics.pl\/wp-content\/uploads\/2021\/01\/interior-storage-warehouse-with-shelves-full-goods-Maly.jpg\" class=\"attachment-large size-large\" alt=\"magazyn\" loading=\"lazy\" srcset=\"https:\/\/lonics.pl\/wp-content\/uploads\/2021\/01\/interior-storage-warehouse-with-shelves-full-goods-Maly.jpg 800w, https:\/\/lonics.pl\/wp-content\/uploads\/2021\/01\/interior-storage-warehouse-with-shelves-full-goods-Maly-300x180.jpg 300w, https:\/\/lonics.pl\/wp-content\/uploads\/2021\/01\/interior-storage-warehouse-with-shelves-full-goods-Maly-768x461.jpg 768w\" sizes=\"(max-width: 800px) 100vw, 800px\" \/>\t\t\t\t\t\t\t\t\t\t\t\t\t\t<\/div>\n\t\t\t\t\t\t<\/div>\n\t\t\t\t<\/div>\n\t\t\t\t\t\t<\/div>\n\t\t\t\t\t<\/div>\n\t\t<\/div>\n\t\t\t\t<div class=\"elementor-column elementor-col-50 elementor-top-column elementor-element elementor-element-731b874\" data-id=\"731b874\" data-element_type=\"column\">\n\t\t\t<div class=\"elementor-column-wrap elementor-element-populated\">\n\t\t\t\t\t\t\t<div class=\"elementor-widget-wrap\">\n\t\t\t\t\t\t<div class=\"elementor-element elementor-element-0b8ac4f elementor-widget elementor-widget-heading\" data-id=\"0b8ac4f\" data-element_type=\"widget\" data-widget_type=\"heading.default\">\n\t\t\t\t<div class=\"elementor-widget-container\">\n\t\t\t<h2 class=\"elementor-heading-title elementor-size-default\">\u00dcberbest\u00e4nde<\/h2>\t\t<\/div>\n\t\t\t\t<\/div>\n\t\t\t\t<div class=\"elementor-element elementor-element-631dd03 elementor-widget elementor-widget-text-editor\" data-id=\"631dd03\" data-element_type=\"widget\" data-widget_type=\"text-editor.default\">\n\t\t\t\t<div class=\"elementor-widget-container\">\n\t\t\t\t\t\t\t\t<div class=\"elementor-text-editor elementor-clearfix\">\n\t\t\t\t<p>Wir helfen Ihnen gerne bei der L\u00f6sung Ihrer Probleme mit Lager\u00fcberbest\u00e4nden.<\/p>\n<p>Senden Sie uns einfach Ihre aktuellen \u00dcberbestandslisten und wir werden Ihnen innerhalb von 7 Tagen eine von drei L\u00f6sungen anbieten:<\/p>\n<ul>\n<li>Abkauf der \u00dcberbest\u00e4nden<\/li>\n<li>Anbieten der \u00dcberbest\u00e4nden \u00fcber weltweite Suchmaschinen und Hilfe bei deren Verkauf<\/li>\n<li>Benennung eines vertrauensw\u00fcrdigen Partners mit der f\u00fcr Sie vorteilhaftesten Kommissionsl\u00f6sung<\/li>\n<\/ul>\n\t\t\t\t\t<\/div>\n\t\t\t\t\t\t<\/div>\n\t\t\t\t<\/div>\n\t\t\t\t\t\t<\/div>\n\t\t\t\t\t<\/div>\n\t\t<\/div>\n\t\t\t\t\t\t\t\t<\/div>\n\t\t\t\t\t<\/div>\n\t\t<\/section>\n\t\t\t\t<section class=\"elementor-section elementor-top-section elementor-element elementor-element-5ef6b89 elementor-section-boxed elementor-section-height-default elementor-section-height-default\" data-id=\"5ef6b89\" data-element_type=\"section\">\n\t\t\t\t\t\t<div class=\"elementor-container elementor-column-gap-default\">\n\t\t\t\t\t\t\t<div class=\"elementor-row\">\n\t\t\t\t\t<div class=\"elementor-column elementor-col-100 elementor-top-column elementor-element elementor-element-35801c4\" data-id=\"35801c4\" data-element_type=\"column\">\n\t\t\t<div class=\"elementor-column-wrap elementor-element-populated\">\n\t\t\t\t\t\t\t<div class=\"elementor-widget-wrap\">\n\t\t\t\t\t\t<div class=\"elementor-element elementor-element-5020a07 elementor-widget elementor-widget-spacer\" data-id=\"5020a07\" data-element_type=\"widget\" data-widget_type=\"spacer.default\">\n\t\t\t\t<div class=\"elementor-widget-container\">\n\t\t\t\t\t<div class=\"elementor-spacer\">\n\t\t\t<div class=\"elementor-spacer-inner\"><\/div>\n\t\t<\/div>\n\t\t\t\t<\/div>\n\t\t\t\t<\/div>\n\t\t\t\t\t\t<\/div>\n\t\t\t\t\t<\/div>\n\t\t<\/div>\n\t\t\t\t\t\t\t\t<\/div>\n\t\t\t\t\t<\/div>\n\t\t<\/section>\n\t\t\t\t<section class=\"elementor-section elementor-top-section elementor-element elementor-element-73af5ed elementor-section-boxed elementor-section-height-default elementor-section-height-default\" data-id=\"73af5ed\" data-element_type=\"section\">\n\t\t\t\t\t\t<div class=\"elementor-container elementor-column-gap-default\">\n\t\t\t\t\t\t\t<div class=\"elementor-row\">\n\t\t\t\t\t<div class=\"elementor-column elementor-col-100 elementor-top-column elementor-element elementor-element-f6b8d0d\" data-id=\"f6b8d0d\" data-element_type=\"column\">\n\t\t\t<div class=\"elementor-column-wrap elementor-element-populated\">\n\t\t\t\t\t\t\t<div class=\"elementor-widget-wrap\">\n\t\t\t\t\t\t<div class=\"elementor-element elementor-element-f57af4e elementor-align-center elementor-widget elementor-widget-button\" data-id=\"f57af4e\" data-element_type=\"widget\" data-widget_type=\"button.default\">\n\t\t\t\t<div class=\"elementor-widget-container\">\n\t\t\t\t\t<div class=\"elementor-button-wrapper\">\n\t\t\t<a href=\"https:\/\/lonics.pl\/nadwyzki-magazynowe-formularz\/\" class=\"elementor-button-link elementor-button elementor-size-sm\" role=\"button\">\n\t\t\t\t\t\t<span class=\"elementor-button-content-wrapper\">\n\t\t\t\t\t\t<span class=\"elementor-button-text\">Datei mit Lager\u00fcbersch\u00fcssen senden<\/span>\n\t\t<\/span>\n\t\t\t\t\t<\/a>\n\t\t<\/div>\n\t\t\t\t<\/div>\n\t\t\t\t<\/div>\n\t\t\t\t\t\t<\/div>\n\t\t\t\t\t<\/div>\n\t\t<\/div>\n\t\t\t\t\t\t\t\t<\/div>\n\t\t\t\t\t<\/div>\n\t\t<\/section>\n\t\t\t\t<section class=\"elementor-section elementor-top-section elementor-element elementor-element-8b6e430 elementor-section-boxed elementor-section-height-default elementor-section-height-default\" data-id=\"8b6e430\" data-element_type=\"section\">\n\t\t\t\t\t\t<div class=\"elementor-container elementor-column-gap-default\">\n\t\t\t\t\t\t\t<div class=\"elementor-row\">\n\t\t\t\t\t<div class=\"elementor-column elementor-col-100 elementor-top-column elementor-element elementor-element-c348cc2\" data-id=\"c348cc2\" data-element_type=\"column\">\n\t\t\t<div class=\"elementor-column-wrap elementor-element-populated\">\n\t\t\t\t\t\t\t<div class=\"elementor-widget-wrap\">\n\t\t\t\t\t\t<div class=\"elementor-element elementor-element-e965114 elementor-widget elementor-widget-spacer\" data-id=\"e965114\" data-element_type=\"widget\" data-widget_type=\"spacer.default\">\n\t\t\t\t<div class=\"elementor-widget-container\">\n\t\t\t\t\t<div class=\"elementor-spacer\">\n\t\t\t<div class=\"elementor-spacer-inner\"><\/div>\n\t\t<\/div>\n\t\t\t\t<\/div>\n\t\t\t\t<\/div>\n\t\t\t\t\t\t<\/div>\n\t\t\t\t\t<\/div>\n\t\t<\/div>\n\t\t\t\t\t\t\t\t<\/div>\n\t\t\t\t\t<\/div>\n\t\t<\/section>\n\t\t\t\t\t\t<\/div>\n\t\t\t\t\t\t<\/div>\n\t\t\t\t\t<\/div>\n\t\t","protected":false},"excerpt":{"rendered":"<p>\u00dcberbest\u00e4nde Wir helfen Ihnen gerne bei der L\u00f6sung Ihrer Probleme mit Lager\u00fcberbest\u00e4nden. Senden Sie uns einfach Ihre aktuellen \u00dcberbestandslisten und wir werden Ihnen innerhalb von 7 Tagen eine von drei L\u00f6sungen anbieten: Abkauf der \u00dcberbest\u00e4nden Anbieten der \u00dcberbest\u00e4nden \u00fcber weltweite Suchmaschinen und Hilfe bei deren Verkauf Benennung eines vertrauensw\u00fcrdigen Partners mit der f\u00fcr Sie vorteilhaftesten [&hellip;]<\/p>\n","protected":false},"author":1,"featured_media":0,"parent":0,"menu_order":0,"comment_status":"closed","ping_status":"closed","template":"","meta":[],"yoast_head":"<!-- This site is optimized with the Yoast SEO plugin v17.3 - https:\/\/yoast.com\/wordpress\/plugins\/seo\/ -->\n<title>\u00dcberbest\u00e4nde - LONICS<\/title>\n<meta name=\"robots\" content=\"index, follow, max-snippet:-1, max-image-preview:large, max-video-preview:-1\" \/>\n<link rel=\"canonical\" href=\"https:\/\/lonics.pl\/de\/ueberbestaende\/\" \/>\n<meta property=\"og:locale\" content=\"de_DE\" \/>\n<meta property=\"og:type\" content=\"article\" \/>\n<meta property=\"og:title\" content=\"\u00dcberbest\u00e4nde - LONICS\" \/>\n<meta property=\"og:description\" content=\"\u00dcberbest\u00e4nde Wir helfen Ihnen gerne bei der L\u00f6sung Ihrer Probleme mit Lager\u00fcberbest\u00e4nden. Senden Sie uns einfach Ihre aktuellen \u00dcberbestandslisten und wir werden Ihnen innerhalb von 7 Tagen eine von drei L\u00f6sungen anbieten: Abkauf der \u00dcberbest\u00e4nden Anbieten der \u00dcberbest\u00e4nden \u00fcber weltweite Suchmaschinen und Hilfe bei deren Verkauf Benennung eines vertrauensw\u00fcrdigen Partners mit der f\u00fcr Sie vorteilhaftesten [&hellip;]\" \/>\n<meta property=\"og:url\" content=\"https:\/\/lonics.pl\/de\/ueberbestaende\/\" \/>\n<meta property=\"og:site_name\" content=\"LONICS\" \/>\n<meta property=\"article:modified_time\" content=\"2021-02-16T17:32:09+00:00\" \/>\n<meta property=\"og:image\" content=\"https:\/\/lonics.pl\/wp-content\/uploads\/2021\/01\/interior-storage-warehouse-with-shelves-full-goods-Maly.jpg\" \/>\n<meta name=\"twitter:card\" content=\"summary_large_image\" \/>\n<script type=\"application\/ld+json\" class=\"yoast-schema-graph\">{\"@context\":\"https:\/\/schema.org\",\"@graph\":[{\"@type\":\"Organization\",\"@id\":\"https:\/\/lonics.pl\/#organization\",\"name\":\"Lonics.pl\",\"url\":\"https:\/\/lonics.pl\/\",\"sameAs\":[],\"logo\":{\"@type\":\"ImageObject\",\"@id\":\"https:\/\/lonics.pl\/#logo\",\"inLanguage\":\"de\",\"url\":\"https:\/\/lonics.pl\/wp-content\/uploads\/2021\/02\/logo.png\",\"contentUrl\":\"https:\/\/lonics.pl\/wp-content\/uploads\/2021\/02\/logo.png\",\"width\":2084,\"height\":300,\"caption\":\"Lonics.pl\"},\"image\":{\"@id\":\"https:\/\/lonics.pl\/#logo\"}},{\"@type\":\"WebSite\",\"@id\":\"https:\/\/lonics.pl\/#website\",\"url\":\"https:\/\/lonics.pl\/\",\"name\":\"LONICS\",\"description\":\"\",\"publisher\":{\"@id\":\"https:\/\/lonics.pl\/#organization\"},\"potentialAction\":[{\"@type\":\"SearchAction\",\"target\":{\"@type\":\"EntryPoint\",\"urlTemplate\":\"https:\/\/lonics.pl\/?s={search_term_string}\"},\"query-input\":\"required name=search_term_string\"}],\"inLanguage\":\"de\"},{\"@type\":\"ImageObject\",\"@id\":\"https:\/\/lonics.pl\/de\/ueberbestaende\/#primaryimage\",\"inLanguage\":\"de\",\"url\":\"https:\/\/lonics.pl\/wp-content\/uploads\/2021\/01\/interior-storage-warehouse-with-shelves-full-goods-Maly.jpg\",\"contentUrl\":\"https:\/\/lonics.pl\/wp-content\/uploads\/2021\/01\/interior-storage-warehouse-with-shelves-full-goods-Maly.jpg\",\"width\":800,\"height\":480,\"caption\":\"magazyn\"},{\"@type\":\"WebPage\",\"@id\":\"https:\/\/lonics.pl\/de\/ueberbestaende\/#webpage\",\"url\":\"https:\/\/lonics.pl\/de\/ueberbestaende\/\",\"name\":\"\\u00dcberbest\\u00e4nde - LONICS\",\"isPartOf\":{\"@id\":\"https:\/\/lonics.pl\/#website\"},\"primaryImageOfPage\":{\"@id\":\"https:\/\/lonics.pl\/de\/ueberbestaende\/#primaryimage\"},\"datePublished\":\"2021-02-16T17:32:08+00:00\",\"dateModified\":\"2021-02-16T17:32:09+00:00\",\"breadcrumb\":{\"@id\":\"https:\/\/lonics.pl\/de\/ueberbestaende\/#breadcrumb\"},\"inLanguage\":\"de\",\"potentialAction\":[{\"@type\":\"ReadAction\",\"target\":[\"https:\/\/lonics.pl\/de\/ueberbestaende\/\"]}]},{\"@type\":\"BreadcrumbList\",\"@id\":\"https:\/\/lonics.pl\/de\/ueberbestaende\/#breadcrumb\",\"itemListElement\":[{\"@type\":\"ListItem\",\"position\":1,\"name\":\"Strona g\\u0142\\u00f3wna\",\"item\":\"https:\/\/lonics.pl\/de\/\"},{\"@type\":\"ListItem\",\"position\":2,\"name\":\"\\u00dcberbest\\u00e4nde\"}]}]}<\/script>\n<!-- \/ Yoast SEO plugin. -->","yoast_head_json":{"title":"\u00dcberbest\u00e4nde - LONICS","robots":{"index":"index","follow":"follow","max-snippet":"max-snippet:-1","max-image-preview":"max-image-preview:large","max-video-preview":"max-video-preview:-1"},"canonical":"https:\/\/lonics.pl\/de\/ueberbestaende\/","og_locale":"de_DE","og_type":"article","og_title":"\u00dcberbest\u00e4nde - LONICS","og_description":"\u00dcberbest\u00e4nde Wir helfen Ihnen gerne bei der L\u00f6sung Ihrer Probleme mit Lager\u00fcberbest\u00e4nden. Senden Sie uns einfach Ihre aktuellen \u00dcberbestandslisten und wir werden Ihnen innerhalb von 7 Tagen eine von drei L\u00f6sungen anbieten: Abkauf der \u00dcberbest\u00e4nden Anbieten der \u00dcberbest\u00e4nden \u00fcber weltweite Suchmaschinen und Hilfe bei deren Verkauf Benennung eines vertrauensw\u00fcrdigen Partners mit der f\u00fcr Sie vorteilhaftesten [&hellip;]","og_url":"https:\/\/lonics.pl\/de\/ueberbestaende\/","og_site_name":"LONICS","article_modified_time":"2021-02-16T17:32:09+00:00","og_image":[{"url":"https:\/\/lonics.pl\/wp-content\/uploads\/2021\/01\/interior-storage-warehouse-with-shelves-full-goods-Maly.jpg"}],"twitter_card":"summary_large_image","schema":{"@context":"https:\/\/schema.org","@graph":[{"@type":"Organization","@id":"https:\/\/lonics.pl\/#organization","name":"Lonics.pl","url":"https:\/\/lonics.pl\/","sameAs":[],"logo":{"@type":"ImageObject","@id":"https:\/\/lonics.pl\/#logo","inLanguage":"de","url":"https:\/\/lonics.pl\/wp-content\/uploads\/2021\/02\/logo.png","contentUrl":"https:\/\/lonics.pl\/wp-content\/uploads\/2021\/02\/logo.png","width":2084,"height":300,"caption":"Lonics.pl"},"image":{"@id":"https:\/\/lonics.pl\/#logo"}},{"@type":"WebSite","@id":"https:\/\/lonics.pl\/#website","url":"https:\/\/lonics.pl\/","name":"LONICS","description":"","publisher":{"@id":"https:\/\/lonics.pl\/#organization"},"potentialAction":[{"@type":"SearchAction","target":{"@type":"EntryPoint","urlTemplate":"https:\/\/lonics.pl\/?s={search_term_string}"},"query-input":"required name=search_term_string"}],"inLanguage":"de"},{"@type":"ImageObject","@id":"https:\/\/lonics.pl\/de\/ueberbestaende\/#primaryimage","inLanguage":"de","url":"https:\/\/lonics.pl\/wp-content\/uploads\/2021\/01\/interior-storage-warehouse-with-shelves-full-goods-Maly.jpg","contentUrl":"https:\/\/lonics.pl\/wp-content\/uploads\/2021\/01\/interior-storage-warehouse-with-shelves-full-goods-Maly.jpg","width":800,"height":480,"caption":"magazyn"},{"@type":"WebPage","@id":"https:\/\/lonics.pl\/de\/ueberbestaende\/#webpage","url":"https:\/\/lonics.pl\/de\/ueberbestaende\/","name":"\u00dcberbest\u00e4nde - LONICS","isPartOf":{"@id":"https:\/\/lonics.pl\/#website"},"primaryImageOfPage":{"@id":"https:\/\/lonics.pl\/de\/ueberbestaende\/#primaryimage"},"datePublished":"2021-02-16T17:32:08+00:00","dateModified":"2021-02-16T17:32:09+00:00","breadcrumb":{"@id":"https:\/\/lonics.pl\/de\/ueberbestaende\/#breadcrumb"},"inLanguage":"de","potentialAction":[{"@type":"ReadAction","target":["https:\/\/lonics.pl\/de\/ueberbestaende\/"]}]},{"@type":"BreadcrumbList","@id":"https:\/\/lonics.pl\/de\/ueberbestaende\/#breadcrumb","itemListElement":[{"@type":"ListItem","position":1,"name":"Strona g\u0142\u00f3wna","item":"https:\/\/lonics.pl\/de\/"},{"@type":"ListItem","position":2,"name":"\u00dcberbest\u00e4nde"}]}]}},"_links":{"self":[{"href":"https:\/\/lonics.pl\/de\/wp-json\/wp\/v2\/pages\/1221"}],"collection":[{"href":"https:\/\/lonics.pl\/de\/wp-json\/wp\/v2\/pages"}],"about":[{"href":"https:\/\/lonics.pl\/de\/wp-json\/wp\/v2\/types\/page"}],"author":[{"embeddable":true,"href":"https:\/\/lonics.pl\/de\/wp-json\/wp\/v2\/users\/1"}],"replies":[{"embeddable":true,"href":"https:\/\/lonics.pl\/de\/wp-json\/wp\/v2\/comments?post=1221"}],"version-history":[{"count":1,"href":"https:\/\/lonics.pl\/de\/wp-json\/wp\/v2\/pages\/1221\/revisions"}],"predecessor-version":[{"id":1222,"href":"https:\/\/lonics.pl\/de\/wp-json\/wp\/v2\/pages\/1221\/revisions\/1222"}],"wp:attachment":[{"href":"https:\/\/lonics.pl\/de\/wp-json\/wp\/v2\/media?parent=1221"}],"curies":[{"name":"wp","href":"https:\/\/api.w.org\/{rel}","templated":true}]}}