{"id":1334,"date":"2021-10-12T11:28:54","date_gmt":"2021-10-12T09:28:54","guid":{"rendered":"https:\/\/lonics.pl\/projekte\/"},"modified":"2021-10-12T11:46:24","modified_gmt":"2021-10-12T09:46:24","slug":"projekte","status":"publish","type":"page","link":"https:\/\/lonics.pl\/de\/projekte\/","title":{"rendered":"Projekte"},"content":{"rendered":"\t\t<div data-elementor-type=\"wp-page\" data-elementor-id=\"1334\" class=\"elementor elementor-1334 elementor-1327\" data-elementor-settings=\"[]\">\n\t\t\t\t\t\t<div class=\"elementor-inner\">\n\t\t\t\t\t\t\t<div class=\"elementor-section-wrap\">\n\t\t\t\t\t\t\t<section class=\"elementor-section elementor-top-section elementor-element elementor-element-6d65660 elementor-section-boxed elementor-section-height-default elementor-section-height-default\" data-id=\"6d65660\" data-element_type=\"section\">\n\t\t\t\t\t\t<div class=\"elementor-container elementor-column-gap-default\">\n\t\t\t\t\t\t\t<div class=\"elementor-row\">\n\t\t\t\t\t<div class=\"elementor-column elementor-col-50 elementor-top-column elementor-element elementor-element-8eaa15f\" data-id=\"8eaa15f\" data-element_type=\"column\">\n\t\t\t<div class=\"elementor-column-wrap elementor-element-populated\">\n\t\t\t\t\t\t\t<div class=\"elementor-widget-wrap\">\n\t\t\t\t\t\t<div class=\"elementor-element elementor-element-831910e elementor-widget elementor-widget-image\" data-id=\"831910e\" data-element_type=\"widget\" data-widget_type=\"image.default\">\n\t\t\t\t<div class=\"elementor-widget-container\">\n\t\t\t\t\t\t\t\t<div class=\"elementor-image\">\n\t\t\t\t\t\t\t\t\t\t\t\t\t<a href=\"https:\/\/lonics.pl\/wp-content\/uploads\/2021\/10\/plytka-1-min.png\" data-elementor-open-lightbox=\"yes\" data-elementor-lightbox-title=\"plytka (1)-min\">\n\t\t\t\t\t\t\t<img width=\"800\" height=\"497\" src=\"https:\/\/lonics.pl\/wp-content\/uploads\/2021\/10\/plytka-1-min-1024x636.png\" class=\"attachment-large size-large\" alt=\"\" loading=\"lazy\" srcset=\"https:\/\/lonics.pl\/wp-content\/uploads\/2021\/10\/plytka-1-min-1024x636.png 1024w, https:\/\/lonics.pl\/wp-content\/uploads\/2021\/10\/plytka-1-min-300x186.png 300w, https:\/\/lonics.pl\/wp-content\/uploads\/2021\/10\/plytka-1-min-768x477.png 768w, https:\/\/lonics.pl\/wp-content\/uploads\/2021\/10\/plytka-1-min-1536x953.png 1536w, https:\/\/lonics.pl\/wp-content\/uploads\/2021\/10\/plytka-1-min.png 1600w\" sizes=\"(max-width: 800px) 100vw, 800px\" \/>\t\t\t\t\t\t\t\t<\/a>\n\t\t\t\t\t\t\t\t\t\t\t\t\t\t<\/div>\n\t\t\t\t\t\t<\/div>\n\t\t\t\t<\/div>\n\t\t\t\t\t\t<\/div>\n\t\t\t\t\t<\/div>\n\t\t<\/div>\n\t\t\t\t<div class=\"elementor-column elementor-col-50 elementor-top-column elementor-element elementor-element-4b2f25e\" data-id=\"4b2f25e\" data-element_type=\"column\">\n\t\t\t<div class=\"elementor-column-wrap elementor-element-populated\">\n\t\t\t\t\t\t\t<div class=\"elementor-widget-wrap\">\n\t\t\t\t\t\t<div class=\"elementor-element elementor-element-ca1e101 elementor-widget elementor-widget-heading\" data-id=\"ca1e101\" data-element_type=\"widget\" data-widget_type=\"heading.default\">\n\t\t\t\t<div class=\"elementor-widget-container\">\n\t\t\t<h2 class=\"elementor-heading-title elementor-size-default\">Wir arbeiten mit erfahrenen Elektronikdesignern zusammen und bieten unseren Kunden Folgendes an:<\/h2>\t\t<\/div>\n\t\t\t\t<\/div>\n\t\t\t\t<div class=\"elementor-element elementor-element-aecae25 elementor-widget elementor-widget-text-editor\" data-id=\"aecae25\" data-element_type=\"widget\" data-widget_type=\"text-editor.default\">\n\t\t\t\t<div class=\"elementor-widget-container\">\n\t\t\t\t\t\t\t\t<div class=\"elementor-text-editor elementor-clearfix\">\n\t\t\t\t<p>&gt;&gt; Entwurf von elektronischen Ger\u00e4ten und Systemen f\u00fcr die Industrie und den Verbrauchermarkt.<\/p>\n<p>&gt;&gt; Verifizierung von elektronischen Schaltpl\u00e4nen und Leiterplattenentw\u00fcrfen.<\/p>\n<p>&gt;&gt; Neugestaltung von Elektronik mit schwer zug\u00e4nglichen Komponenten und mit EOL- und Obsolete-Status.<\/p>\n\t\t\t\t\t<\/div>\n\t\t\t\t\t\t<\/div>\n\t\t\t\t<\/div>\n\t\t\t\t\t\t<\/div>\n\t\t\t\t\t<\/div>\n\t\t<\/div>\n\t\t\t\t\t\t\t\t<\/div>\n\t\t\t\t\t<\/div>\n\t\t<\/section>\n\t\t\t\t\t\t<\/div>\n\t\t\t\t\t\t<\/div>\n\t\t\t\t\t<\/div>\n\t\t","protected":false},"excerpt":{"rendered":"<p>Wir arbeiten mit erfahrenen Elektronikdesignern zusammen und bieten unseren Kunden Folgendes an: &gt;&gt; Entwurf von elektronischen Ger\u00e4ten und Systemen f\u00fcr die Industrie und den Verbrauchermarkt. &gt;&gt; Verifizierung von elektronischen Schaltpl\u00e4nen und Leiterplattenentw\u00fcrfen. &gt;&gt; Neugestaltung von Elektronik mit schwer zug\u00e4nglichen Komponenten und mit EOL- und Obsolete-Status.<\/p>\n","protected":false},"author":1,"featured_media":0,"parent":0,"menu_order":0,"comment_status":"closed","ping_status":"closed","template":"","meta":[],"yoast_head":"<!-- This site is optimized with the Yoast SEO plugin v17.3 - https:\/\/yoast.com\/wordpress\/plugins\/seo\/ -->\n<title>Projekte - LONICS<\/title>\n<meta name=\"robots\" content=\"index, follow, max-snippet:-1, max-image-preview:large, max-video-preview:-1\" \/>\n<link rel=\"canonical\" href=\"https:\/\/lonics.pl\/de\/projekte\/\" \/>\n<meta property=\"og:locale\" content=\"de_DE\" \/>\n<meta property=\"og:type\" content=\"article\" \/>\n<meta property=\"og:title\" content=\"Projekte - LONICS\" \/>\n<meta property=\"og:description\" content=\"Wir arbeiten mit erfahrenen Elektronikdesignern zusammen und bieten unseren Kunden Folgendes an: &gt;&gt; Entwurf von elektronischen Ger\u00e4ten und Systemen f\u00fcr die Industrie und den Verbrauchermarkt. &gt;&gt; Verifizierung von elektronischen Schaltpl\u00e4nen und Leiterplattenentw\u00fcrfen. &gt;&gt; Neugestaltung von Elektronik mit schwer zug\u00e4nglichen Komponenten und mit EOL- und Obsolete-Status.\" \/>\n<meta property=\"og:url\" content=\"https:\/\/lonics.pl\/de\/projekte\/\" \/>\n<meta property=\"og:site_name\" content=\"LONICS\" \/>\n<meta property=\"article:modified_time\" content=\"2021-10-12T09:46:24+00:00\" \/>\n<meta property=\"og:image\" content=\"https:\/\/lonics.pl\/wp-content\/uploads\/2021\/10\/plytka-1-min-1024x636.png\" \/>\n<meta name=\"twitter:card\" content=\"summary_large_image\" \/>\n<meta name=\"twitter:label1\" content=\"Gesch\u00e4tzte Lesezeit\" \/>\n\t<meta name=\"twitter:data1\" content=\"1\u00a0Minute\" \/>\n<script type=\"application\/ld+json\" class=\"yoast-schema-graph\">{\"@context\":\"https:\/\/schema.org\",\"@graph\":[{\"@type\":\"Organization\",\"@id\":\"https:\/\/lonics.pl\/#organization\",\"name\":\"Lonics.pl\",\"url\":\"https:\/\/lonics.pl\/\",\"sameAs\":[],\"logo\":{\"@type\":\"ImageObject\",\"@id\":\"https:\/\/lonics.pl\/#logo\",\"inLanguage\":\"de\",\"url\":\"https:\/\/lonics.pl\/wp-content\/uploads\/2021\/02\/logo.png\",\"contentUrl\":\"https:\/\/lonics.pl\/wp-content\/uploads\/2021\/02\/logo.png\",\"width\":2084,\"height\":300,\"caption\":\"Lonics.pl\"},\"image\":{\"@id\":\"https:\/\/lonics.pl\/#logo\"}},{\"@type\":\"WebSite\",\"@id\":\"https:\/\/lonics.pl\/#website\",\"url\":\"https:\/\/lonics.pl\/\",\"name\":\"LONICS\",\"description\":\"\",\"publisher\":{\"@id\":\"https:\/\/lonics.pl\/#organization\"},\"potentialAction\":[{\"@type\":\"SearchAction\",\"target\":{\"@type\":\"EntryPoint\",\"urlTemplate\":\"https:\/\/lonics.pl\/?s={search_term_string}\"},\"query-input\":\"required name=search_term_string\"}],\"inLanguage\":\"de\"},{\"@type\":\"ImageObject\",\"@id\":\"https:\/\/lonics.pl\/de\/projekte\/#primaryimage\",\"inLanguage\":\"de\",\"url\":\"https:\/\/lonics.pl\/wp-content\/uploads\/2021\/10\/plytka-1-min.png\",\"contentUrl\":\"https:\/\/lonics.pl\/wp-content\/uploads\/2021\/10\/plytka-1-min.png\",\"width\":1600,\"height\":993},{\"@type\":\"WebPage\",\"@id\":\"https:\/\/lonics.pl\/de\/projekte\/#webpage\",\"url\":\"https:\/\/lonics.pl\/de\/projekte\/\",\"name\":\"Projekte - LONICS\",\"isPartOf\":{\"@id\":\"https:\/\/lonics.pl\/#website\"},\"primaryImageOfPage\":{\"@id\":\"https:\/\/lonics.pl\/de\/projekte\/#primaryimage\"},\"datePublished\":\"2021-10-12T09:28:54+00:00\",\"dateModified\":\"2021-10-12T09:46:24+00:00\",\"breadcrumb\":{\"@id\":\"https:\/\/lonics.pl\/de\/projekte\/#breadcrumb\"},\"inLanguage\":\"de\",\"potentialAction\":[{\"@type\":\"ReadAction\",\"target\":[\"https:\/\/lonics.pl\/de\/projekte\/\"]}]},{\"@type\":\"BreadcrumbList\",\"@id\":\"https:\/\/lonics.pl\/de\/projekte\/#breadcrumb\",\"itemListElement\":[{\"@type\":\"ListItem\",\"position\":1,\"name\":\"Strona g\\u0142\\u00f3wna\",\"item\":\"https:\/\/lonics.pl\/de\/\"},{\"@type\":\"ListItem\",\"position\":2,\"name\":\"Projekte\"}]}]}<\/script>\n<!-- \/ Yoast SEO plugin. -->","yoast_head_json":{"title":"Projekte - LONICS","robots":{"index":"index","follow":"follow","max-snippet":"max-snippet:-1","max-image-preview":"max-image-preview:large","max-video-preview":"max-video-preview:-1"},"canonical":"https:\/\/lonics.pl\/de\/projekte\/","og_locale":"de_DE","og_type":"article","og_title":"Projekte - LONICS","og_description":"Wir arbeiten mit erfahrenen Elektronikdesignern zusammen und bieten unseren Kunden Folgendes an: &gt;&gt; Entwurf von elektronischen Ger\u00e4ten und Systemen f\u00fcr die Industrie und den Verbrauchermarkt. &gt;&gt; Verifizierung von elektronischen Schaltpl\u00e4nen und Leiterplattenentw\u00fcrfen. &gt;&gt; Neugestaltung von Elektronik mit schwer zug\u00e4nglichen Komponenten und mit EOL- und Obsolete-Status.","og_url":"https:\/\/lonics.pl\/de\/projekte\/","og_site_name":"LONICS","article_modified_time":"2021-10-12T09:46:24+00:00","og_image":[{"url":"https:\/\/lonics.pl\/wp-content\/uploads\/2021\/10\/plytka-1-min-1024x636.png"}],"twitter_card":"summary_large_image","twitter_misc":{"Gesch\u00e4tzte Lesezeit":"1\u00a0Minute"},"schema":{"@context":"https:\/\/schema.org","@graph":[{"@type":"Organization","@id":"https:\/\/lonics.pl\/#organization","name":"Lonics.pl","url":"https:\/\/lonics.pl\/","sameAs":[],"logo":{"@type":"ImageObject","@id":"https:\/\/lonics.pl\/#logo","inLanguage":"de","url":"https:\/\/lonics.pl\/wp-content\/uploads\/2021\/02\/logo.png","contentUrl":"https:\/\/lonics.pl\/wp-content\/uploads\/2021\/02\/logo.png","width":2084,"height":300,"caption":"Lonics.pl"},"image":{"@id":"https:\/\/lonics.pl\/#logo"}},{"@type":"WebSite","@id":"https:\/\/lonics.pl\/#website","url":"https:\/\/lonics.pl\/","name":"LONICS","description":"","publisher":{"@id":"https:\/\/lonics.pl\/#organization"},"potentialAction":[{"@type":"SearchAction","target":{"@type":"EntryPoint","urlTemplate":"https:\/\/lonics.pl\/?s={search_term_string}"},"query-input":"required name=search_term_string"}],"inLanguage":"de"},{"@type":"ImageObject","@id":"https:\/\/lonics.pl\/de\/projekte\/#primaryimage","inLanguage":"de","url":"https:\/\/lonics.pl\/wp-content\/uploads\/2021\/10\/plytka-1-min.png","contentUrl":"https:\/\/lonics.pl\/wp-content\/uploads\/2021\/10\/plytka-1-min.png","width":1600,"height":993},{"@type":"WebPage","@id":"https:\/\/lonics.pl\/de\/projekte\/#webpage","url":"https:\/\/lonics.pl\/de\/projekte\/","name":"Projekte - LONICS","isPartOf":{"@id":"https:\/\/lonics.pl\/#website"},"primaryImageOfPage":{"@id":"https:\/\/lonics.pl\/de\/projekte\/#primaryimage"},"datePublished":"2021-10-12T09:28:54+00:00","dateModified":"2021-10-12T09:46:24+00:00","breadcrumb":{"@id":"https:\/\/lonics.pl\/de\/projekte\/#breadcrumb"},"inLanguage":"de","potentialAction":[{"@type":"ReadAction","target":["https:\/\/lonics.pl\/de\/projekte\/"]}]},{"@type":"BreadcrumbList","@id":"https:\/\/lonics.pl\/de\/projekte\/#breadcrumb","itemListElement":[{"@type":"ListItem","position":1,"name":"Strona g\u0142\u00f3wna","item":"https:\/\/lonics.pl\/de\/"},{"@type":"ListItem","position":2,"name":"Projekte"}]}]}},"_links":{"self":[{"href":"https:\/\/lonics.pl\/de\/wp-json\/wp\/v2\/pages\/1334"}],"collection":[{"href":"https:\/\/lonics.pl\/de\/wp-json\/wp\/v2\/pages"}],"about":[{"href":"https:\/\/lonics.pl\/de\/wp-json\/wp\/v2\/types\/page"}],"author":[{"embeddable":true,"href":"https:\/\/lonics.pl\/de\/wp-json\/wp\/v2\/users\/1"}],"replies":[{"embeddable":true,"href":"https:\/\/lonics.pl\/de\/wp-json\/wp\/v2\/comments?post=1334"}],"version-history":[{"count":5,"href":"https:\/\/lonics.pl\/de\/wp-json\/wp\/v2\/pages\/1334\/revisions"}],"predecessor-version":[{"id":1372,"href":"https:\/\/lonics.pl\/de\/wp-json\/wp\/v2\/pages\/1334\/revisions\/1372"}],"wp:attachment":[{"href":"https:\/\/lonics.pl\/de\/wp-json\/wp\/v2\/media?parent=1334"}],"curies":[{"name":"wp","href":"https:\/\/api.w.org\/{rel}","templated":true}]}}