{"id":1347,"date":"2021-10-12T11:34:45","date_gmt":"2021-10-12T09:34:45","guid":{"rendered":"https:\/\/lonics.pl\/satzung\/"},"modified":"2021-10-12T11:34:45","modified_gmt":"2021-10-12T09:34:45","slug":"satzung","status":"publish","type":"page","link":"https:\/\/lonics.pl\/de\/satzung\/","title":{"rendered":"Satzung"},"content":{"rendered":"\t\t<div data-elementor-type=\"wp-page\" data-elementor-id=\"1347\" class=\"elementor elementor-1347 elementor-1320\" data-elementor-settings=\"[]\">\n\t\t\t\t\t\t<div class=\"elementor-inner\">\n\t\t\t\t\t\t\t<div class=\"elementor-section-wrap\">\n\t\t\t\t\t\t\t<section class=\"elementor-section elementor-top-section elementor-element elementor-element-21dfd9b elementor-section-boxed elementor-section-height-default elementor-section-height-default\" data-id=\"21dfd9b\" data-element_type=\"section\">\n\t\t\t\t\t\t<div class=\"elementor-container elementor-column-gap-default\">\n\t\t\t\t\t\t\t<div class=\"elementor-row\">\n\t\t\t\t\t<div class=\"elementor-column elementor-col-100 elementor-top-column elementor-element elementor-element-80a4083\" data-id=\"80a4083\" data-element_type=\"column\">\n\t\t\t<div class=\"elementor-column-wrap elementor-element-populated\">\n\t\t\t\t\t\t\t<div class=\"elementor-widget-wrap\">\n\t\t\t\t\t\t<div class=\"elementor-element elementor-element-825bfa4 elementor-widget elementor-widget-text-editor\" data-id=\"825bfa4\" data-element_type=\"widget\" data-widget_type=\"text-editor.default\">\n\t\t\t\t<div class=\"elementor-widget-container\">\n\t\t\t\t\t\t\t\t<div class=\"elementor-text-editor elementor-clearfix\">\n\t\t\t\t<ol>\n<li>\n<h6><strong> Anwendungsbereich<\/strong><\/h6>\n<\/li>\n<\/ol>\n<p>1.1 Diese Allgemeinen Gesch\u00e4ftsbedingungen (&#8222;AGB&#8220;) sind ein integraler Bestandteil der zwischen der Firma LONICS, ul. Kasjopei 7, 01-934 Warschau (\u201eVerk\u00e4ufer\u201c) und den K\u00e4ufern der von ihr angebotenen Waren (\u201eK\u00e4ufer\u201c) abgeschlossenen Kaufvertr\u00e4ge, sofern diese Vertr\u00e4ge nichts anderes vorsehen. Der Inhalt des Kaufvertrags (\u201eVertrag\u201c) wird in der vom Verk\u00e4ufer best\u00e4tigten Bestellung des K\u00e4ufers und in den AGB festgelegt.<\/p>\n<p>1.2 Der Verk\u00e4ufer ver\u00f6ffentlicht die AGB auf der Website <a href=\"http:\/\/www.lonics.pl\">www.lonics.pl<\/a> und macht sie damit dem K\u00e4ufer vor Vertragsabschluss zug\u00e4nglich. Der K\u00e4ufer hat die M\u00f6glichkeit, die AGB von der Website des Verk\u00e4ufers zu kopieren, zu speichern und zu wiederzugeben.<\/p>\n<p>1.3 Abweichungen von den AGB bed\u00fcrfen zu ihrer G\u00fcltigkeit der schriftlichen Best\u00e4tigung durch den Verk\u00e4ufer.<\/p>\n<ol start=\"2\">\n<li>\n<h6><strong> Vertragsabschluss <\/strong><\/h6>\n<\/li>\n<\/ol>\n<p>2.1 Bedingung f\u00fcr einen wirksamen Vertragsabschluss ist die Abgabe einer Bestellung durch den K\u00e4ufer und die Best\u00e4tigung der Bestellung durch den Verk\u00e4ufer. Die Best\u00e4tigung der Bestellung durch den Verk\u00e4ufer bedeutet, dass der Verk\u00e4ufer die Bestellung erhalten und zur Ausf\u00fchrung angenommen hat. Die Best\u00e4tigung der Bestellung wird sp\u00e4testens innerhalb von 10 Arbeitstagen per E-Mail oder Fax versandt. Die Best\u00e4tigung der Bestellung kann durch die Lieferung der bestellten Waren am selben Tag ersetzt werden. Der Vertrag kommt mit der Best\u00e4tigung der Bestellung durch den Verk\u00e4ufer oder mit der Lieferung der bestellten Ware an den K\u00e4ufer zustande. Die Bestellung kann elektronisch \u00fcber die Website des Verk\u00e4ufers, per E-Mail, Fax oder Telefon sowie schriftlich erfolgen. Bei telefonischen Bestellungen kann der Verk\u00e4ufer vom K\u00e4ufer eine schriftliche Best\u00e4tigung des Inhalts der Bestellung verlangen.<\/p>\n<ol start=\"3\">\n<li>\n<h6><strong> Liefertermine <\/strong><\/h6>\n<\/li>\n<\/ol>\n<p>3.1 Die in der Bestellung des K\u00e4ufers angegebenen voraussichtlichen Lieferzeiten werden vom Verk\u00e4ufer in der Auftragsbest\u00e4tigung akzeptiert. Ist der Verk\u00e4ufer nicht in der Lage, sie zu akzeptieren, werden die n\u00e4chstm\u00f6glichen Ausf\u00fchrungstermine f\u00fcr die Bestellung des K\u00e4ufers in diesem Dokument angegeben. Der Verk\u00e4ufer kann den Beginn der Vertragserf\u00fcllung davon abh\u00e4ngig machen oder die Ausf\u00fchrung der Lieferung zur\u00fcckhalten, bis er vom K\u00e4ufer die Zahlung in der angegebenen H\u00f6he erhalten hat. Dies gilt insbesondere f\u00fcr geforderte Vorauszahlungen, Anzahlungen f\u00fcr die aktuell realisierte Bestellung und versp\u00e4tete Zahlungen f\u00fcr bereits gelieferte Waren.<\/p>\n<p>3.2 Erh\u00e4lt der Verk\u00e4ufer, obwohl er eine dem Inhalt der Bestellung des K\u00e4ufers entsprechende Lieferung bei seinem Lieferanten bestellt hat, diese Waren nicht rechtzeitig, so teilt er dies dem K\u00e4ufer unter Angabe des aktuellen vorhersehbaren Liefertermins mit. Antwortet der K\u00e4ufer auf diese Anfrage nicht innerhalb von 5 Tagen nach Erhalt, gilt dies als Akzeptierung des neuen Liefertermins. Anspr\u00fcche des K\u00e4ufers wegen versp\u00e4teter Lieferung sind daher ausgeschlossen.<\/p>\n<p>3.3 Im Falle des Verzugs der Lieferung vom Verk\u00e4ufer kann der K\u00e4ufer nach einer von ihm gesetzten angemessenen Nachfrist vom Vertrag zur\u00fccktreten. Diese Frist beginnt erst dann, wenn dem Verk\u00e4ufer eine schriftliche Erkl\u00e4rung des K\u00e4ufers \u00fcber die Setzung einer zus\u00e4tzlichen Frist und der Erkl\u00e4rung vorliegt, dass er nach Ablauf dieser Frist vom Auftrag zur\u00fccktreten wird. Schadensersatzanspr\u00fcche, die anstelle des R\u00fccktritts vom Vertrag geltend gemacht werden k\u00f6nnen, sind nur zul\u00e4ssig, wenn der Verzug durch grobe Fahrl\u00e4ssigkeit des Verk\u00e4ufers verursacht wurde. Der Schadensersatzanspruch ist auf den Ersatz des vertragstypischen Schadens in den Grenzen des tats\u00e4chlich entstandenen Schadens ohne entgangenen Gewinn beschr\u00e4nkt.<\/p>\n<ol start=\"4\">\n<li>\n<h6><strong> Preise <\/strong><\/h6>\n<\/li>\n<\/ol>\n<p>4.1 Die in Angeboten und Best\u00e4tigungen der Bestellungen genannten Preise sind in der W\u00e4hrung ausgedr\u00fcckt, in der das gegebene Dokument ausgestellt wurde.<\/p>\n<p>4.2 Die in den Angeboten genannten Preise werden zum Zeitpunkt des Beginns der Realisierung der Bestellung endg\u00fcltig best\u00e4tigt. Die in der Best\u00e4tigung der Bestellung genannten Preise sind verbindlich.<\/p>\n<ol start=\"5\">\n<li>\n<h6><strong> Lieferung <\/strong><\/h6>\n<\/li>\n<\/ol>\n<p>5.1 Ort der Ausgabe der Waren ist das Lager des Verk\u00e4ufers in Warschau. Der Verk\u00e4ufer kann im Auftrag des K\u00e4ufers die Lieferung der Waren an einen vom K\u00e4ufer angegebenen Ort bei einer Spedition in Auftrag geben. Die Lieferkosten tr\u00e4gt der K\u00e4ufer.<\/p>\n<ol start=\"6\">\n<li>\n<h6><strong> Zahlungen <\/strong><\/h6>\n<\/li>\n<\/ol>\n<p>6.1 Die Zahlung der f\u00fcr den Verkauf von Waren\/Dienstleistungen geschuldeten Betr\u00e4ge muss innerhalb der in der Verkaufsrechnung angegebenen Frist, die ab dem Ausstellungsdatum der Rechnung gerechnet wird, an der Kasse des Verk\u00e4ufers oder durch \u00dcberweisung auf das Bankkonto des Verk\u00e4ufers erfolgen.<\/p>\n<p>6.2 Als Datum der Zahlung gilt das Datum der Zahlung an der Kasse des Verk\u00e4ufers oder das Datum der Gutschrift auf dem Bankkonto des Verk\u00e4ufers.<\/p>\n<p>6.3 Der Verk\u00e4ufer ist berechtigt, die vereinbarten Zahlungsbedingungen zu \u00e4ndern, wenn die Gefahr besteht, dass der K\u00e4ufer seinen finanziellen Verpflichtungen aus dem Kaufvertrag nicht nachkommen wird.<\/p>\n<p>6.4 Im Falle eines Zahlungsverzugs ist der Verk\u00e4ufer berechtigt, f\u00fcr jeden Verzugstag gesetzliche Zinsen zu berechnen.<\/p>\n<ol start=\"7\">\n<li>\n<h6><strong> Reklamationen, Haftung <\/strong><\/h6>\n<\/li>\n<\/ol>\n<p>7.1 Der Verk\u00e4ufer gew\u00e4hrt eine 12-monatige Gew\u00e4hrleistung auf alle gelieferten Waren, mit Ausnahme derjenigen, die auf der Verkaufsrechnung als \u201eProdukt mit Garantie\u201c oder \u201eEMS-Produkt\u201c gekennzeichnet sind. Eine Haftungserweiterung muss gesondert schriftlich oder urkundlich (z.B. durch Abschluss eines gesonderten Vertrags) vereinbart werden.<\/p>\n<p>7.2 Etwaige Reklamationen sind telefonisch oder per E-Mail an die E-Mail-Adresse <a href=\"mailto:info@lonics.pl\">info@lonics.pl<\/a>zu richten.<\/p>\n<p>7.3 Wird die Reklamation anerkannt, ist der Verk\u00e4ufer verpflichtet, die Waren durch mangelfreie Waren zu ersetzen oder den Mangel zu beseitigen. Sind diese Ma\u00dfnahmen unm\u00f6glich oder \u00fcberm\u00e4\u00dfig erschwert, kann der Verk\u00e4ufer stattdessen vom Vertrag zur\u00fccktreten und den Preis der Ware erstatten. Wird nur ein Teil der Ware wegen Mangelhaftigkeit zur\u00fcckgegeben (d.h. es handelt sich um einen Teilr\u00fccktritt vom Vertrag), wird nur dieser Teil des Betrages zur\u00fcckerstattet.<\/p>\n<p>7.4 Die Gew\u00e4hrleistung erstreckt sich nicht auf M\u00e4ngel, die durch unsachgem\u00e4\u00dfen Gebrauch, Montage, Wartung oder durch vom K\u00e4ufer selbst durchgef\u00fchrte Reparaturen verursacht wurden.<\/p>\n<ol start=\"8\">\n<li>\n<h6><strong> Technische Unterst\u00fctzung und Beratung <\/strong><\/h6>\n<\/li>\n<\/ol>\n<p>8.1 Jegliche technische Unterst\u00fctzung oder Beratung, die der Verk\u00e4ufer dem K\u00e4ufer in Bezug auf die Verwendung von Waren oder anderweitig im Zusammenhang mit den K\u00e4ufen des K\u00e4ufers gew\u00e4hrt, ist f\u00fcr den K\u00e4ufer kostenlos und wird auf Kulanzbasis erbracht. Der Verk\u00e4ufer haftet nicht f\u00fcr den Inhalt oder die Verwendung solcher Ratschl\u00e4ge oder technischer Unterst\u00fctzung durch den K\u00e4ufer oder f\u00fcr die Aussagen der Mitarbeiter des Verk\u00e4ufers in Bezug auf die Gew\u00e4hrung einer Garantie oder auch nur deren Andeutung. Die Mitarbeiter des Verk\u00e4ufers sind nicht befugt, einen Standpunkt zu einem Produkt oder einer Dienstleistung zu vertreten, es sei denn, dies wurde vom Verkaufsleiter schriftlich best\u00e4tigt.<\/p>\n<ol start=\"9\">\n<li>\n<h6><strong> Installation, Montage, Verwendung <\/strong><\/h6>\n<\/li>\n<\/ol>\n<p>9.1 Der Verk\u00e4ufer haftet nicht f\u00fcr die nicht mit den Erwartungen \u00fcbereinstimmenden Effekte des Betriebs der gelieferten Waren in Zusammenarbeit mit anderen Baugruppen, es sei denn, der Verk\u00e4ufer hat dies detailliert in schriftlicher Form so garantiert.<\/p>\n<p>9.2 Der K\u00e4ufer tr\u00e4gt die alleinige Verantwortung f\u00fcr die Montage, Installation und den Betrieb der gekauften Waren, einschlie\u00dflich der Beschaffung aller f\u00fcr die Montage, Installation und den Betrieb dieser Waren erforderlichen Lizenzen oder Zertifikate.<\/p>\n<p>9.3 Der K\u00e4ufer ist verpflichtet, die gelieferten Waren zu testen, bevor sie in der Serienproduktion in Kombination mit anderen Baugruppen verwendet werden, um die korrekte Wirkung ihrer Zusammenarbeit festzustellen. Der Kunde muss von jeder gelieferten Charge eine Probemenge testen, um sicherzustellen, dass sie wie erwartet funktioniert, bevor er mit der weiteren Montage der Waren aus der gelieferten Charge beginnt.<\/p>\n<p>9.4 Sofern nicht schriftlich etwas anderes vereinbart wurde, d\u00fcrfen die gekauften Waren nicht in lebenserhaltenden Ger\u00e4ten oder Systemen oder in anderen F\u00e4llen verwendet werden, in denen das Versagen des Produkts Leben gef\u00e4hrden oder katastrophale Folgen haben k\u00f6nnte. Der K\u00e4ufer hat den Verk\u00e4ufer von allen Anspr\u00fcchen Dritter freizustellen, die sich aus der Nichtbeachtung dieses Hinweises ergeben.<\/p>\n<ol start=\"10\">\n<li>\n<h6><strong> H\u00f6here Gewalt <\/strong><\/h6>\n<\/li>\n<\/ol>\n<p>10.1 Der Verk\u00e4ufer haftet nicht f\u00fcr die Nicht- oder Schlechtausf\u00fchrung seiner Verpflichtungen aus dem Vertrag, wenn diese Nicht- oder Schlechtausf\u00fchrung auf eine au\u00dfergew\u00f6hnliche \u00c4nderung der Umst\u00e4nde zur\u00fcckzuf\u00fchren ist, die bei Vertragsabschluss nicht vorhersehbar war und die die Erf\u00fcllung der Verpflichtung des Verk\u00e4ufers unm\u00f6glich gemacht oder \u00fcberm\u00e4\u00dfig erschwert bzw. die dazu gef\u00fchrt hat, dass die Erf\u00fcllung der Verpflichtung mit einem gro\u00dfen Verlust f\u00fcr den Verk\u00e4ufer verbunden ist. In einem solchen Fall ist der Verk\u00e4ufer berechtigt, vom Vertrag zur\u00fcckzutreten. Als au\u00dfergew\u00f6hnliche Ver\u00e4nderung der Umst\u00e4nde gelten unter anderem Naturkatastrophen, Witterungsbedingungen, die den Transport erheblich behindern, Katastrophen, Streiks, Unruhen, Kriegshandlungen, administrative Beschr\u00e4nkungen des Handels oder des Transports sowie Gesetzes\u00e4nderungen.<\/p>\n<ol start=\"11\">\n<li>\n<h6><strong> Schlussbestimmungen<\/strong><\/h6>\n<\/li>\n<\/ol>\n<p>11.1 Alle Streitigkeiten, die sich im Zusammenhang mit der Erf\u00fcllung des auf der Grundlage dieser AGB geschlossenen Vertrages ergeben, werden vom f\u00fcr den Sitz des Verk\u00e4ufers zust\u00e4ndigen Gericht entschieden.<\/p>\n\t\t\t\t\t<\/div>\n\t\t\t\t\t\t<\/div>\n\t\t\t\t<\/div>\n\t\t\t\t\t\t<\/div>\n\t\t\t\t\t<\/div>\n\t\t<\/div>\n\t\t\t\t\t\t\t\t<\/div>\n\t\t\t\t\t<\/div>\n\t\t<\/section>\n\t\t\t\t\t\t<\/div>\n\t\t\t\t\t\t<\/div>\n\t\t\t\t\t<\/div>\n\t\t","protected":false},"excerpt":{"rendered":"<p>Anwendungsbereich 1.1 Diese Allgemeinen Gesch\u00e4ftsbedingungen (&#8222;AGB&#8220;) sind ein integraler Bestandteil der zwischen der Firma LONICS, ul. Kasjopei 7, 01-934 Warschau (\u201eVerk\u00e4ufer\u201c) und den K\u00e4ufern der von ihr angebotenen Waren (\u201eK\u00e4ufer\u201c) abgeschlossenen Kaufvertr\u00e4ge, sofern diese Vertr\u00e4ge nichts anderes vorsehen. Der Inhalt des Kaufvertrags (\u201eVertrag\u201c) wird in der vom Verk\u00e4ufer best\u00e4tigten Bestellung des K\u00e4ufers und in den [&hellip;]<\/p>\n","protected":false},"author":1,"featured_media":0,"parent":0,"menu_order":0,"comment_status":"closed","ping_status":"closed","template":"","meta":[],"yoast_head":"<!-- This site is optimized with the Yoast SEO plugin v17.3 - https:\/\/yoast.com\/wordpress\/plugins\/seo\/ -->\n<title>Satzung - LONICS<\/title>\n<meta name=\"robots\" content=\"index, follow, max-snippet:-1, max-image-preview:large, max-video-preview:-1\" \/>\n<link rel=\"canonical\" href=\"https:\/\/lonics.pl\/de\/satzung\/\" \/>\n<meta property=\"og:locale\" content=\"de_DE\" \/>\n<meta property=\"og:type\" content=\"article\" \/>\n<meta property=\"og:title\" content=\"Satzung - LONICS\" \/>\n<meta property=\"og:description\" content=\"Anwendungsbereich 1.1 Diese Allgemeinen Gesch\u00e4ftsbedingungen (&#8222;AGB&#8220;) sind ein integraler Bestandteil der zwischen der Firma LONICS, ul. Kasjopei 7, 01-934 Warschau (\u201eVerk\u00e4ufer\u201c) und den K\u00e4ufern der von ihr angebotenen Waren (\u201eK\u00e4ufer\u201c) abgeschlossenen Kaufvertr\u00e4ge, sofern diese Vertr\u00e4ge nichts anderes vorsehen. Der Inhalt des Kaufvertrags (\u201eVertrag\u201c) wird in der vom Verk\u00e4ufer best\u00e4tigten Bestellung des K\u00e4ufers und in den [&hellip;]\" \/>\n<meta property=\"og:url\" content=\"https:\/\/lonics.pl\/de\/satzung\/\" \/>\n<meta property=\"og:site_name\" content=\"LONICS\" \/>\n<meta name=\"twitter:card\" content=\"summary_large_image\" \/>\n<meta name=\"twitter:label1\" content=\"Gesch\u00e4tzte Lesezeit\" \/>\n\t<meta name=\"twitter:data1\" content=\"7\u00a0Minuten\" \/>\n<script type=\"application\/ld+json\" class=\"yoast-schema-graph\">{\"@context\":\"https:\/\/schema.org\",\"@graph\":[{\"@type\":\"Organization\",\"@id\":\"https:\/\/lonics.pl\/#organization\",\"name\":\"Lonics.pl\",\"url\":\"https:\/\/lonics.pl\/\",\"sameAs\":[],\"logo\":{\"@type\":\"ImageObject\",\"@id\":\"https:\/\/lonics.pl\/#logo\",\"inLanguage\":\"de\",\"url\":\"https:\/\/lonics.pl\/wp-content\/uploads\/2021\/02\/logo.png\",\"contentUrl\":\"https:\/\/lonics.pl\/wp-content\/uploads\/2021\/02\/logo.png\",\"width\":2084,\"height\":300,\"caption\":\"Lonics.pl\"},\"image\":{\"@id\":\"https:\/\/lonics.pl\/#logo\"}},{\"@type\":\"WebSite\",\"@id\":\"https:\/\/lonics.pl\/#website\",\"url\":\"https:\/\/lonics.pl\/\",\"name\":\"LONICS\",\"description\":\"\",\"publisher\":{\"@id\":\"https:\/\/lonics.pl\/#organization\"},\"potentialAction\":[{\"@type\":\"SearchAction\",\"target\":{\"@type\":\"EntryPoint\",\"urlTemplate\":\"https:\/\/lonics.pl\/?s={search_term_string}\"},\"query-input\":\"required name=search_term_string\"}],\"inLanguage\":\"de\"},{\"@type\":\"WebPage\",\"@id\":\"https:\/\/lonics.pl\/de\/satzung\/#webpage\",\"url\":\"https:\/\/lonics.pl\/de\/satzung\/\",\"name\":\"Satzung - LONICS\",\"isPartOf\":{\"@id\":\"https:\/\/lonics.pl\/#website\"},\"datePublished\":\"2021-10-12T09:34:45+00:00\",\"dateModified\":\"2021-10-12T09:34:45+00:00\",\"breadcrumb\":{\"@id\":\"https:\/\/lonics.pl\/de\/satzung\/#breadcrumb\"},\"inLanguage\":\"de\",\"potentialAction\":[{\"@type\":\"ReadAction\",\"target\":[\"https:\/\/lonics.pl\/de\/satzung\/\"]}]},{\"@type\":\"BreadcrumbList\",\"@id\":\"https:\/\/lonics.pl\/de\/satzung\/#breadcrumb\",\"itemListElement\":[{\"@type\":\"ListItem\",\"position\":1,\"name\":\"Strona g\\u0142\\u00f3wna\",\"item\":\"https:\/\/lonics.pl\/de\/\"},{\"@type\":\"ListItem\",\"position\":2,\"name\":\"Satzung\"}]}]}<\/script>\n<!-- \/ Yoast SEO plugin. -->","yoast_head_json":{"title":"Satzung - LONICS","robots":{"index":"index","follow":"follow","max-snippet":"max-snippet:-1","max-image-preview":"max-image-preview:large","max-video-preview":"max-video-preview:-1"},"canonical":"https:\/\/lonics.pl\/de\/satzung\/","og_locale":"de_DE","og_type":"article","og_title":"Satzung - LONICS","og_description":"Anwendungsbereich 1.1 Diese Allgemeinen Gesch\u00e4ftsbedingungen (&#8222;AGB&#8220;) sind ein integraler Bestandteil der zwischen der Firma LONICS, ul. Kasjopei 7, 01-934 Warschau (\u201eVerk\u00e4ufer\u201c) und den K\u00e4ufern der von ihr angebotenen Waren (\u201eK\u00e4ufer\u201c) abgeschlossenen Kaufvertr\u00e4ge, sofern diese Vertr\u00e4ge nichts anderes vorsehen. Der Inhalt des Kaufvertrags (\u201eVertrag\u201c) wird in der vom Verk\u00e4ufer best\u00e4tigten Bestellung des K\u00e4ufers und in den [&hellip;]","og_url":"https:\/\/lonics.pl\/de\/satzung\/","og_site_name":"LONICS","twitter_card":"summary_large_image","twitter_misc":{"Gesch\u00e4tzte Lesezeit":"7\u00a0Minuten"},"schema":{"@context":"https:\/\/schema.org","@graph":[{"@type":"Organization","@id":"https:\/\/lonics.pl\/#organization","name":"Lonics.pl","url":"https:\/\/lonics.pl\/","sameAs":[],"logo":{"@type":"ImageObject","@id":"https:\/\/lonics.pl\/#logo","inLanguage":"de","url":"https:\/\/lonics.pl\/wp-content\/uploads\/2021\/02\/logo.png","contentUrl":"https:\/\/lonics.pl\/wp-content\/uploads\/2021\/02\/logo.png","width":2084,"height":300,"caption":"Lonics.pl"},"image":{"@id":"https:\/\/lonics.pl\/#logo"}},{"@type":"WebSite","@id":"https:\/\/lonics.pl\/#website","url":"https:\/\/lonics.pl\/","name":"LONICS","description":"","publisher":{"@id":"https:\/\/lonics.pl\/#organization"},"potentialAction":[{"@type":"SearchAction","target":{"@type":"EntryPoint","urlTemplate":"https:\/\/lonics.pl\/?s={search_term_string}"},"query-input":"required name=search_term_string"}],"inLanguage":"de"},{"@type":"WebPage","@id":"https:\/\/lonics.pl\/de\/satzung\/#webpage","url":"https:\/\/lonics.pl\/de\/satzung\/","name":"Satzung - LONICS","isPartOf":{"@id":"https:\/\/lonics.pl\/#website"},"datePublished":"2021-10-12T09:34:45+00:00","dateModified":"2021-10-12T09:34:45+00:00","breadcrumb":{"@id":"https:\/\/lonics.pl\/de\/satzung\/#breadcrumb"},"inLanguage":"de","potentialAction":[{"@type":"ReadAction","target":["https:\/\/lonics.pl\/de\/satzung\/"]}]},{"@type":"BreadcrumbList","@id":"https:\/\/lonics.pl\/de\/satzung\/#breadcrumb","itemListElement":[{"@type":"ListItem","position":1,"name":"Strona g\u0142\u00f3wna","item":"https:\/\/lonics.pl\/de\/"},{"@type":"ListItem","position":2,"name":"Satzung"}]}]}},"_links":{"self":[{"href":"https:\/\/lonics.pl\/de\/wp-json\/wp\/v2\/pages\/1347"}],"collection":[{"href":"https:\/\/lonics.pl\/de\/wp-json\/wp\/v2\/pages"}],"about":[{"href":"https:\/\/lonics.pl\/de\/wp-json\/wp\/v2\/types\/page"}],"author":[{"embeddable":true,"href":"https:\/\/lonics.pl\/de\/wp-json\/wp\/v2\/users\/1"}],"replies":[{"embeddable":true,"href":"https:\/\/lonics.pl\/de\/wp-json\/wp\/v2\/comments?post=1347"}],"version-history":[{"count":1,"href":"https:\/\/lonics.pl\/de\/wp-json\/wp\/v2\/pages\/1347\/revisions"}],"predecessor-version":[{"id":1348,"href":"https:\/\/lonics.pl\/de\/wp-json\/wp\/v2\/pages\/1347\/revisions\/1348"}],"wp:attachment":[{"href":"https:\/\/lonics.pl\/de\/wp-json\/wp\/v2\/media?parent=1347"}],"curies":[{"name":"wp","href":"https:\/\/api.w.org\/{rel}","templated":true}]}}